{"id":3902,"date":"2021-06-05T09:35:14","date_gmt":"2021-06-05T07:35:14","guid":{"rendered":"https:\/\/www.onetribe.at\/?page_id=3902"},"modified":"2021-06-09T11:33:03","modified_gmt":"2021-06-09T09:33:03","slug":"angebote-koerperanalyse","status":"publish","type":"page","link":"https:\/\/www.onetribe.at\/en\/angebote-koerperanalyse\/","title":{"rendered":"Angebote-koerperanalyse"},"content":{"rendered":"<div class=\"wpb-content-wrapper\"><div class=\"vc_row wpb_row vc_row-fluid vc_custom_1596457406439 vc_row-o-content-middle vc_row-flex mkdf-content-aligment-left mkdf-row-with-bg-text\" ><div class=\"wpb_column vc_column_container vc_col-sm-12\"><div class=\"vc_column-inner\"><div class=\"wpb_wrapper\"><div class=\"mkdf-elements-holder   mkdf-one-column  mkdf-responsive-mode-768\" ><div class=\"mkdf-eh-item   mkdf-horizontal-alignment-center\"  data-item-class=\"mkdf-eh-custom-7586\" data-1025-1366=\"0 26% 42px\" data-769-1024=\"10px 10% 55px\" data-681-768=\"10px 10% 55px\" data-680=\"10px 10% 55px\">\n\t<div class=\"mkdf-eh-item-inner\">\n\t\t<div class=\"mkdf-eh-item-content mkdf-eh-custom-7586\" style=\"padding: 0 33.5% 42px\">\n\t\t\t\n<div class=\"mkdf-section-title-holder\" >\n\t<div class=\"mkdf-st-inner\">\n\t\t\t\t\t<h1 class=\"mkdf-st-title\" style=\"color: #000000\">\n\t\t\t\t\t\t\t\tFett- oder Muskelmasse?\t\t\t<\/h1>\n\t\t\t\t\t\t\t<h5 class=\"mkdf-st-text\" style=\"font-size: 18px;line-height: 27px;font-weight: 500;margin-top: 15px\">\n\t\t\t\tZeit f\u00fcr die K\u00f6rperanalyse, damit du dein Training richtig gestaltest!\t\t\t<\/h5>\n\t\t\t\t\t<\/div>\n<\/div>\t\t<\/div>\n\t<\/div>\n<\/div><\/div><div class=\"mkdf-row-grid-section-wrapper\" ><div class=\"mkdf-row-grid-section\"><div class=\"vc_row wpb_row vc_inner vc_row-fluid\" ><div class=\"wpb_column vc_column_container vc_col-sm-6\"><div class=\"vc_column-inner\"><div class=\"wpb_wrapper\"><div class=\"mkdf-pricing-tables mkdf-grid-list mkdf-disable-bottom-space clearfix mkdf-one-columns mkdf-no-space\"><div class=\"mkdf-pt-wrapper mkdf-outer-space\"><div class=\"mkdf-price-table mkdf-item-space  mkdf-pt-active-item\">\n\t<div class=\"mkdf-pt-inner\" >\n        <img decoding=\"async\" class=\"mkdf-pt-image\" src=\"\" alt=\"K\u00f6rperanalyse\" \/>\n\t\t<ul>\n\t\t\t<li class=\"mkdf-pt-title-holder\">\n                <h6 class=\"mkdf-pt-mark\" >Aktion - Preis g\u00fcltig bis zum 30.09.2021<\/h6>\n\t\t\t\t<h3 class=\"mkdf-pt-title\" >K\u00f6rperanalyse<\/h3>\n\t\t\t<\/li>\n\t\t\t<li class=\"mkdf-pt-prices\">\n\t\t\t\t<sup class=\"mkdf-pt-value\" >\u20ac<\/sup>\n\t\t\t\t<span class=\"mkdf-pt-price\" style=\"color: #000000\">25<\/span>\n\t\t\t<\/li>\n\t\t\t<li class=\"mkdf-pt-content\">\n\t\t\t\t\n<ul>\n<li>BMI<\/li>\n<li>K\u00f6rperfett (nach K\u00f6rperteil)<\/li>\n<li>Muskelmasse und -qualit\u00e4t<\/li>\n<li>Knochenmasse<\/li>\n<li>Viszeralfett<\/li>\n<li>K\u00f6rperwasser<\/li>\n<li>Stoffwechselalter<\/li>\n<li>Grundumsatz<\/li>\n<li>K\u00f6rperbauwert<\/li>\n<\/ul>\n\t\t\t<\/li>\n\t\t\t\t\t\t\t<li class=\"mkdf-pt-button\">\n                    \t\t\t\t\t<div class=\"mkdf-btn-outer-holder mkdf-btn-outer-outline mkdf-btn-outer-large\" >    <a itemprop=\"url\" href=\"https:\/\/www.onetribe.at\/en\/kontakt\/\" target=\"_self\"  class=\"mkdf-btn mkdf-btn-large mkdf-btn-outline mkdf-btn-right-arrow-transparent\"  >        <span class=\"mkdf-btn-text\">Terminanfragen<\/span>            <\/a>    <div class=\"mkdf-btn-top-line\" ><\/div>    <div class=\"mkdf-btn-right-line\" ><\/div>    <div class=\"mkdf-btn-bottom-line\" ><\/div>    <div class=\"mkdf-btn-left-line\" ><\/div><\/div>\t\t\t\t<\/li>\t\t\t\t\n\t\t\t\t\t<\/ul>\n\t<\/div>\n<\/div><\/div><\/div><\/div><\/div><\/div><div class=\"wpb_column vc_column_container vc_col-sm-6\"><div class=\"vc_column-inner\"><div class=\"wpb_wrapper\"><div class=\"vc_empty_space\"   style=\"height: 160px\"><span class=\"vc_empty_space_inner\"><\/span><\/div>\n\t<div class=\"wpb_text_column wpb_content_element\" >\n\t\t<div class=\"wpb_wrapper\">\n\t\t\t<h3>Inklusive Ern\u00e4hrungs- und Trainingsempfehlung! *<\/h3>\n<p>Erhalte deine Messwerte direkt aufs Handy, per E-Mail oder per Post**<\/p>\n<p>Terminanfragen unter 0677 640\u00a0648 58 (SMS, WhatsApp) oder per E-Mail an info@onetribe.at<\/p>\n<p>*20 Min. pro Termin nach vorheriger Terminvereinbarung<\/p>\n<p>** zzgl. Druck und Versand i.H.v. 2,50 \u20ac<\/p>\n\n\t\t<\/div>\n\t<\/div>\n<\/div><\/div><\/div><\/div><\/div><\/div><\/div><\/div><\/div><div class=\"mkdf-row-background-text-holder\"><div class=\"mkdf-row-background-text-wrapper  mkdf-row-background-text-vertical  mkdf-row-background-text-animation\"><div class=\"mkdf-row-background-text-wrapper-inner\" style=\"font-size:190px;color:rgba(104,104,104,0.2)\" data-font-size-1440=\"140px\"><div class=\"mkdf-row-background-text-1\" style=\"-webkit-text-stroke-color: rgba(104,104,104,0.2)\"><\/div><div class=\"mkdf-row-background-text-2\" style=\"-webkit-text-stroke-color: rgba(104,104,104,0.2)\">ANGEBOTE<\/div><\/div><\/div><\/div><\/div><div class=\"vc_row wpb_row vc_row-fluid mkdf-instagram-label-bottom-row vc_custom_1596462078224 mkdf-btt-default mkdf-content-aligment-center\" style=\"background-color:#000000\"><div class=\"wpb_column vc_column_container vc_col-sm-12\"><div class=\"vc_column-inner\"><div class=\"wpb_wrapper\"><div class=\"mkdf-iwt clearfix  mkdf-iwt-icon-left mkdf-iwt-icon-small\">\n\t<div class=\"mkdf-iwt-icon\">\n\t\t\t\t\t<a itemprop=\"url\" href=\"https:\/\/www.instagram.com\/urban_onetribe\/\" target=\"_blank\">\n\t\t\t\t\t\t\t\t\t    <span class=\"mkdf-icon-shortcode mkdf-normal   mkdf-icon-small\"  data-color=\"#ffffff\">\n                    <i class=\"mkdf-icon-ion-icon ion-social-instagram mkdf-icon-element\" style=\"color: #ffffff\" ><\/i>            <\/span>\n\t\t\t\t\t\t\t\t<\/a>\n\t\t\t<\/div>\n\t<div class=\"mkdf-iwt-content\" >\n\t\t\t\t\t<h6 class=\"mkdf-iwt-title\" style=\"color: #ffffff;margin-top: 10px\">\n\t\t\t\t\t\t\t\t\t<a itemprop=\"url\" href=\"https:\/\/www.instagram.com\/urban_onetribe\/\" target=\"_blank\">\n\t\t\t\t\t\t\t\t<span class=\"mkdf-iwt-title-text\">FOLLOW ME @urban_onetribe<\/span>\n\t\t\t\t\t\t\t\t\t<\/a>\n\t\t\t\t\t\t\t<\/h6>\n\t\t\t\t\t<\/div>\n<\/div><\/div><\/div><\/div><\/div>\n<\/div>","protected":false},"excerpt":{"rendered":"Fett- oder Muskelmasse? Zeit f\u00fcr die K\u00f6rperanalyse, damit du dein Training richtig gestaltest! Aktion - Preis g\u00fcltig bis zum 30.09.2021 K\u00f6rperanalyse \u20ac 25 BMI K\u00f6rperfett (nach K\u00f6rperteil) Muskelmasse und -qualit\u00e4t Knochenmasse Viszeralfett K\u00f6rperwasser Stoffwechselalter Grundumsatz K\u00f6rperbauwert Terminanfragen Inklusive Ern\u00e4hrungs- und [...]","protected":false},"author":4,"featured_media":0,"parent":0,"menu_order":0,"comment_status":"closed","ping_status":"closed","template":"full-width.php","meta":{"_monsterinsights_skip_tracking":false,"_monsterinsights_sitenote_active":false,"_monsterinsights_sitenote_note":"","_monsterinsights_sitenote_category":0,"footnotes":""},"class_list":["post-3902","page","type-page","status-publish","hentry"],"aioseo_notices":[],"_links":{"self":[{"href":"https:\/\/www.onetribe.at\/en\/wp-json\/wp\/v2\/pages\/3902","targetHints":{"allow":["GET"]}}],"collection":[{"href":"https:\/\/www.onetribe.at\/en\/wp-json\/wp\/v2\/pages"}],"about":[{"href":"https:\/\/www.onetribe.at\/en\/wp-json\/wp\/v2\/types\/page"}],"author":[{"embeddable":true,"href":"https:\/\/www.onetribe.at\/en\/wp-json\/wp\/v2\/users\/4"}],"replies":[{"embeddable":true,"href":"https:\/\/www.onetribe.at\/en\/wp-json\/wp\/v2\/comments?post=3902"}],"version-history":[{"count":5,"href":"https:\/\/www.onetribe.at\/en\/wp-json\/wp\/v2\/pages\/3902\/revisions"}],"predecessor-version":[{"id":4079,"href":"https:\/\/www.onetribe.at\/en\/wp-json\/wp\/v2\/pages\/3902\/revisions\/4079"}],"wp:attachment":[{"href":"https:\/\/www.onetribe.at\/en\/wp-json\/wp\/v2\/media?parent=3902"}],"curies":[{"name":"wp","href":"https:\/\/api.w.org\/{rel}","templated":true}]}}