{"id":4064,"date":"2022-06-02T21:22:17","date_gmt":"2022-06-02T19:22:17","guid":{"rendered":"https:\/\/www.onetribe.at\/?page_id=4064"},"modified":"2025-08-17T15:20:35","modified_gmt":"2025-08-17T13:20:35","slug":"group-fitness-2","status":"publish","type":"page","link":"https:\/\/www.onetribe.at\/en\/group-fitness-2\/","title":{"rendered":"Group Fitness"},"content":{"rendered":"<div class=\"wpb-content-wrapper\"><div class=\"vc_row wpb_row vc_row-fluid\" ><div class=\"wpb_column vc_column_container vc_col-sm-12\"><div class=\"vc_column-inner\"><div class=\"wpb_wrapper\"><div class=\"mkdf-elements-holder   mkdf-one-column  mkdf-responsive-mode-768 \" ><div class=\"mkdf-eh-item   mkdf-horizontal-alignment-center \"  data-item-class=\"mkdf-eh-custom-7011\" data-1367-1600=\"70px 23% 55px\" data-1025-1366=\"70px 23% 55px\" data-769-1024=\"10px 10% 55px\" data-681-768=\"10px 10% 55px\" data-680=\"10px 10% 55px\">\n\t<div class=\"mkdf-eh-item-inner\">\n\t\t<div class=\"mkdf-eh-item-content mkdf-eh-custom-7011\" style=\"padding: 65px 23% 65px\">\n\t\t\t\n<div class=\"mkdf-section-title-holder  \" >\n\t<div class=\"mkdf-st-inner\">\n\t\t\t\t\t<h1 class=\"mkdf-st-title\" >\n\t\t\t\t\t\t\t\tGruppenfitness\t\t\t<\/h1>\n\t\t\t\t\t\t\t<\/div>\n<\/div>\n<div class=\"mkdf-section-title-holder  \" >\n\t<div class=\"mkdf-st-inner\">\n\t\t\t\t\t\t\t<p class=\"mkdf-st-text\" style=\"font-size: 18px\">\n\t\t\t\tKennst du LES MILLS\u00ae?\nLES MILLS\u00ae vereint die hei\u00dfeste Musik mit modernster Trainingswissenschaft, Motivation und der Energie der Gruppe. Die Gruppenfitnesskurse mit Choreographie und Musik werden dich garantiert f\u00fcr Fitness begeistern!\t\t\t<\/p>\n\t\t\t\t\t<\/div>\n<\/div>\n<div class=\"mkdf-section-title-holder  \" >\n\t<div class=\"mkdf-st-inner\">\n\t\t\t\t\t\t\t<p class=\"mkdf-st-text\" style=\"font-size: 18px\">\n\t\t\t\tAlles begann 1968, als Les Mills Senior ein kleines familiengef\u00fchrtes Fitnessstudio in Auckland, Neuseeland er\u00f6ffnete. Heute, drei Generationen sp\u00e4ter, trainieren jeden Tag Millionen von Menschen weltweit mit den Programmen von LES MILLS.\t\t\t<\/p>\n\t\t\t\t\t<\/div>\n<\/div>\n<div class=\"mkdf-section-title-holder  \" >\n\t<div class=\"mkdf-st-inner\">\n\t\t\t\t\t\t\t<p class=\"mkdf-st-text\" style=\"font-size: 18px\">\n\t\t\t\tJoin the tribe &amp; get strong!\t\t\t<\/p>\n\t\t\t\t\t<\/div>\n<\/div><div class=\"vc_empty_space\"   style=\"height: 32px\"><span class=\"vc_empty_space_inner\"><\/span><\/div>\n\t<div class=\"wpb_text_column wpb_content_element\" >\n\t\t<div class=\"wpb_wrapper\">\n\t\t\t<h6>*Quelle: <a href=\"https:\/\/www.lesmills.com\/de\/ueber-uns\/\">https:\/\/www.lesmills.com\/de\/ueber-uns\/<\/a><\/h6>\n\n\t\t<\/div>\n\t<\/div>\n\t\t<\/div>\n\t<\/div>\n<\/div><\/div><\/div><\/div><\/div><\/div><div class=\"vc_row wpb_row vc_row-fluid\" ><div class=\"wpb_column vc_column_container vc_col-sm-12\"><div class=\"vc_column-inner\"><div class=\"wpb_wrapper\"><div class=\"mkdf-elements-holder   mkdf-one-column  mkdf-responsive-mode-768 \" ><div class=\"mkdf-eh-item   mkdf-horizontal-alignment-center \"  data-item-class=\"mkdf-eh-custom-1125\" data-1367-1600=\"70px 23% 55px\" data-1025-1366=\"70px 23% 55px\" data-769-1024=\"0 5% 55px\" data-681-768=\"0 5% 55px\" data-680=\"0 10% 55px\">\n\t<div class=\"mkdf-eh-item-inner\">\n\t\t<div class=\"mkdf-eh-item-content mkdf-eh-custom-1125\" style=\"padding: 45px 23% 45px\">\n\t\t\t<div class=\"mkdf-video-button-holder  mkdf-vb-has-img\">\n\t<div class=\"mkdf-video-button-image\">\n\t\t<img fetchpriority=\"high\" decoding=\"async\" width=\"2048\" height=\"1365\" src=\"https:\/\/www.onetribe.at\/wp-content\/uploads\/2022\/06\/YXNzZXRzL2Jsb2ctcG9zdHMvbGVzLW1pbGxzL2xlcy1taWxscy5qcGc.jpeg\" class=\"attachment-full size-full\" alt=\"\" srcset=\"https:\/\/www.onetribe.at\/wp-content\/uploads\/2022\/06\/YXNzZXRzL2Jsb2ctcG9zdHMvbGVzLW1pbGxzL2xlcy1taWxscy5qcGc.jpeg 2048w, https:\/\/www.onetribe.at\/wp-content\/uploads\/2022\/06\/YXNzZXRzL2Jsb2ctcG9zdHMvbGVzLW1pbGxzL2xlcy1taWxscy5qcGc-300x200.jpeg 300w, https:\/\/www.onetribe.at\/wp-content\/uploads\/2022\/06\/YXNzZXRzL2Jsb2ctcG9zdHMvbGVzLW1pbGxzL2xlcy1taWxscy5qcGc-1024x683.jpeg 1024w, https:\/\/www.onetribe.at\/wp-content\/uploads\/2022\/06\/YXNzZXRzL2Jsb2ctcG9zdHMvbGVzLW1pbGxzL2xlcy1taWxscy5qcGc-768x512.jpeg 768w, https:\/\/www.onetribe.at\/wp-content\/uploads\/2022\/06\/YXNzZXRzL2Jsb2ctcG9zdHMvbGVzLW1pbGxzL2xlcy1taWxscy5qcGc-1536x1024.jpeg 1536w, https:\/\/www.onetribe.at\/wp-content\/uploads\/2022\/06\/YXNzZXRzL2Jsb2ctcG9zdHMvbGVzLW1pbGxzL2xlcy1taWxscy5qcGc-18x12.jpeg 18w\" sizes=\"(max-width: 2048px) 100vw, 2048px\" \/>\t<\/div>\n\t\t\t<a class=\"mkdf-video-button-play\" style=\"color: #ffffff\" href=\"https:\/\/www.youtube.com\/watch?v=6UDrkwk8rU8?iframe=true\" data-rel=\"prettyPhoto[video_button_pretty_photo_206]\">\n\t\t\t<span class=\"mkdf-video-button-play-inner\">\n\t\t\t\t<svg version=\"1.1\" x=\"0px\" y=\"0px\" width=\"75px\" height=\"75px\"\n\t\t\t\t\tviewBox=\"0 0 75 75\" style=\"enable-background:new 0 0 75 75;\" xml:space=\"preserve\">\n\t\t\t\t<path d=\"M37.5,1C17.3,1,1,17.3,1,37.5S17.3,74,37.5,74S74,57.7,74,37.5S57.6,1,37.5,1z M30.5,50.5v-26l20,13L30.5,50.5z\n\t\t\t\t\t\"\/>\n\t\t\t\t<\/svg>\n\t\t\t<\/span>\n\t\t<\/a>\n\t<\/div>\t\t<\/div>\n\t<\/div>\n<\/div><\/div><\/div><\/div><\/div><\/div><div class=\"vc_row wpb_row vc_row-fluid mkdf-tt-dark-skin vc_custom_1599735840842 mkdf-btt-default mkdf-row-with-bg-text\" style=\"background-color:#141414\"><div class=\"wpb_column vc_column_container vc_col-sm-12\"><div class=\"vc_column-inner\"><div class=\"wpb_wrapper\"><div class=\"mkdf-elements-holder   mkdf-one-column  mkdf-responsive-mode-768 \" ><div class=\"mkdf-eh-item   mkdf-horizontal-alignment-center \"  data-item-class=\"mkdf-eh-custom-1661\" data-1367-1600=\"0% 30% 53px\" data-1025-1366=\"0% 23% 53px\" data-769-1024=\"0 15% 53px 15%\" data-681-768=\"0 13% 53px 13%\" data-680=\"0 0% 53px\">\n\t<div class=\"mkdf-eh-item-inner\">\n\t\t<div class=\"mkdf-eh-item-content mkdf-eh-custom-1661\" style=\"padding: 0% 35% 53px\">\n\t\t\t\n<div class=\"mkdf-section-title-holder  \" >\n\t<div class=\"mkdf-st-inner\">\n\t\t\t\t\t<h1 class=\"mkdf-st-title\" style=\"color: #ffffff\">\n\t\t\t\t\t\t\t\tKursplan &amp; Buchung\t\t\t<\/h1>\n\t\t\t\t\t\t\t<\/div>\n<\/div><div class=\"vc_empty_space\"   style=\"height: 32px\"><span class=\"vc_empty_space_inner\"><\/span><\/div>\n\t<div class=\"wpb_text_column wpb_content_element\" >\n\t\t<div class=\"wpb_wrapper\">\n\t\t\t<p style=\"text-align: center;\"><strong>\u00a0Termine 2025<\/strong><\/p>\n<p style=\"text-align: center;\"><strong>Donnerstag: 10.07., 17.07., 24.07., 31.07., 14.08., 21.08., 25.08., 28.08., 04.09.<\/strong><\/p>\n\n\t\t<\/div>\n\t<\/div>\n\t\t<\/div>\n\t<\/div>\n<\/div><\/div><div class=\"mkdf-row-grid-section-wrapper mkdf-content-aligment-center\" ><div class=\"mkdf-row-grid-section\"><div class=\"vc_row wpb_row vc_inner vc_row-fluid\" ><div class=\"wpb_column vc_column_container vc_col-sm-12\"><div class=\"vc_column-inner vc_custom_1599487314418\"><div class=\"wpb_wrapper\"><div  class='tt_wrapper  '><div class=\"timetable_clearfix tt_tabs tt_responsive event_layout_2\"><div class=\"tt_navigation_wrapper \">\n\t\t<div class=\"tt_navigation_cell timetable_clearfix\"><ul class=\"timetable_clearfix tt_tabs_navigation events_filter\"><li><a href=\"#gruppenfitness-lesmills-offer-class-d1\" title=\"Outdoor PUMP\" class=\"et_smooth_scroll_disabled\">Outdoor PUMP<\/a><\/li><\/ul><\/div><\/div><div id=\"gruppenfitness-lesmills-offer-class-d1\" class=\"tt-ui-tabs-hide tt-event-category-gruppenfitness \"><table class=\"tt_timetable\">\n\t\t\t\t\t<thead>\n\t\t\t\t\t\t<tr class=\"row_gray\" style=\"background-color: #1c1c1c !important;\"><th><\/th>\t<th>Monday<\/th>\t<th>Tuesday<\/th>\t<th>Wednesday<\/th>\t<th>Thursday<\/th>\t<th>Friday<\/th>\t<\/tr>\n\t\t\t\t\t<\/thead>\n\t\t\t\t\t<tbody><tr class=\"row_1\"><td class=\"tt_hours_column\">\n\t\t\t\t\t\t18:00 - 19:00\n\t\t\t\t\t<\/td><td><\/td><td><\/td><td><\/td><td style=\"background: #1c1c1c;\" onMouseOver=\"this.style.background='#1c1c1c';\" onMouseOut=\"this.style.background='#1c1c1c';\" class=\"event tt_single_event\"><div class=\"event_container id-3947\"><div class=\"top_hour\"><span class=\"hours\">18:00<\/span><\/div><div class=\"bottom_hour\"><span class=\"hours\">19:00<\/span><\/div><div class='before_hour_text'>HTL Sportplatz Mitterweg<\/div><a class=\"event_header\" href=\"https:\/\/www.onetribe.at\/en\/events\/gruppenfitness-lesmills-offer-class-d1\/\" title=\"Outdoor PUMP\">Outdoor PUMP<\/a><\/div><\/td><td><\/td><\/tr><\/tbody>\n\t\t\t\t<\/table><div class=\"tt_timetable small use_colors \"><h3 class=\"box_header \">\n\t\t\t\t\tThursday\n\t\t\t\t<\/h3>\n\t\t\t\t<ul class=\"tt_items_list thin page_margin_top timetable_clearfix\">\n\t\t\t\t\t\t\t<li  style=\"background: #1c1c1c;\" onMouseOver=\"this.style.background='#1c1c1c';\" onMouseOut=\"this.style.background='#1c1c1c';\" class=\"timetable_clearfix\">\n\t\t\t\t\t\t\t\t<div class=\"event_container\">\n\t\t\t\t\t\t\t\t\t<a href=\"https:\/\/www.onetribe.at\/en\/events\/gruppenfitness-lesmills-offer-class-d1\/\" title=\"Outdoor PUMP\" class=\"event_header\" >Outdoor PUMP <\/a><\/div><div class=\"value\">\n\t\t\t\t\t\t\t\t\t<span class=\"start-hour\" >18:00<\/span><span class=\"hour-separator\" > - <\/span><span class=\"end-hour\" >19:00<\/span><\/div>\n\t\t\t\t\t\t\t<\/li><\/ul><\/div><\/div><\/div><div class='tt_error_message tt_hide'>No events available!<\/div><div class='tt_booking_overlay tt_hide'>\n\t<\/div>\n\t<div class='tt_booking tt_hide'>\n\t\t<div class='tt_booking_message_wrapper'>\n\t\t\t<div class='tt_booking_message' data-event-hour-id>\n\t\t\t<\/div>\n\t\t\t<div class='tt_preloader tt_hide'>\n\t\t\t\t<div class='bounce1'><\/div>\n\t\t\t\t<div class='bounce2'><\/div>\n\t\t\t\t<div class='bounce3'><\/div>\n\t\t\t<\/div>\n\t\t<\/div>\n\t<\/div><input type=\"hidden\" class=\"timetable_atts\" name=\"timetable_atts\" value=\"{&quot;event&quot;:&quot;gruppenfitness-lesmills-offer-class-d1&quot;,&quot;event_category&quot;:&quot;gruppenfitness&quot;,&quot;events_page&quot;:&quot;&quot;,&quot;filter_style&quot;:&quot;tabs&quot;,&quot;filter_kind&quot;:&quot;event&quot;,&quot;measure&quot;:&quot;1&quot;,&quot;show_booking_button&quot;:&quot;no&quot;,&quot;show_available_slots&quot;:&quot;always&quot;,&quot;available_slots_singular_label&quot;:&quot;{number_available}\\\/{number_total} slot available&quot;,&quot;available_slots_plural_label&quot;:&quot;{number_available}\\\/{number_total} slots available&quot;,&quot;allow_user_booking&quot;:&quot;no&quot;,&quot;allow_guest_booking&quot;:&quot;yes&quot;,&quot;default_booking_view&quot;:&quot;guest&quot;,&quot;show_guest_name_field&quot;:&quot;no&quot;,&quot;guest_name_field_required&quot;:&quot;no&quot;,&quot;show_guest_phone_field&quot;:&quot;no&quot;,&quot;guest_phone_field_required&quot;:&quot;no&quot;,&quot;show_guest_message_field&quot;:&quot;no&quot;,&quot;guest_message_field_required&quot;:&quot;no&quot;,&quot;booking_label&quot;:&quot;Book now&quot;,&quot;booked_label&quot;:&quot;Booked&quot;,&quot;unavailable_label&quot;:&quot;Unavailable&quot;,&quot;booking_popup_label&quot;:&quot;Book now&quot;,&quot;login_popup_label&quot;:&quot;Log in&quot;,&quot;cancel_popup_label&quot;:&quot;Cancel&quot;,&quot;continue_popup_label&quot;:&quot;Continue&quot;,&quot;terms_checkbox&quot;:&quot;no&quot;,&quot;terms_message&quot;:&quot;Please accept terms and conditions&quot;,&quot;booking_popup_message&quot;:&quot;&lt;h2&gt;You are about to book event&lt;\\\/h2&gt;\\n&lt;div class=&#039;event_details_wrapper&#039;&gt;\\n&lt;p class=&#039;event_details bold&#039;&gt;{event_title}&lt;\\\/p&gt;\\n&lt;p class=&#039;event_details&#039;&gt;{column_title}&lt;\\\/p&gt;\\n&lt;p class=&#039;event_details&#039;&gt;{event_start} - {event_end}&lt;\\\/p&gt;\\n&lt;\\\/div&gt;\\n{booking_form}\\n&lt;p&gt;An initial receipt will be sent out automatically unless you decide not to do so below.&lt;\\\/p&gt;\\n&lt;div class=&#039;tt_btn_wrapper&#039;&gt;{tt_btn_book}{tt_btn_cancel}&lt;\\\/div&gt;&quot;,&quot;booking_popup_thank_you_message&quot;:&quot;&lt;h2&gt;Thank you for choosing our services!&lt;\\\/h2&gt;\\n&lt;div class=&#039;event_details_wrapper&#039;&gt;\\n&lt;p class=&#039;event_details bold&#039;&gt;{event_title}&lt;\\\/p&gt;\\n&lt;p class=&#039;event_details&#039;&gt;{column_title}&lt;\\\/p&gt;\\n&lt;p class=&#039;event_details&#039;&gt;{event_start} - {event_end}&lt;\\\/p&gt;\\n&lt;\\\/div&gt;\\n&lt;p class=&#039;info&#039;&gt;This is a confirmation of your booking. Your booking is now complete and a confirmation email has been sent to you.&lt;\\\/p&gt;\\n&lt;div class=&#039;tt_btn_wrapper&#039;&gt;{tt_btn_continue}&lt;\\\/div&gt;&quot;,&quot;filter_label&quot;:&quot;All Events&quot;,&quot;filter_label_2&quot;:&quot;All Events Categories&quot;,&quot;hour_category&quot;:&quot;&quot;,&quot;columns&quot;:&quot;&quot;,&quot;time_format&quot;:&quot;H:i&quot;,&quot;hide_hours_column&quot;:&quot;0&quot;,&quot;hide_all_events_view&quot;:&quot;1&quot;,&quot;show_end_hour&quot;:&quot;1&quot;,&quot;event_layout&quot;:&quot;2&quot;,&quot;box_bg_color&quot;:&quot;1c1c1c&quot;,&quot;box_hover_bg_color&quot;:&quot;1c1c1c&quot;,&quot;box_txt_color&quot;:&quot;FFFFFF&quot;,&quot;box_hover_txt_color&quot;:&quot;FFFFFF&quot;,&quot;box_hours_txt_color&quot;:&quot;FFFFFF&quot;,&quot;box_hours_hover_txt_color&quot;:&quot;FFFFFF&quot;,&quot;filter_color&quot;:&quot;00A27C&quot;,&quot;row1_color&quot;:&quot;1c1c1c&quot;,&quot;row2_color&quot;:&quot;&quot;,&quot;generate_pdf_text_color&quot;:&quot;FFFFFF&quot;,&quot;generate_pdf_bg_color&quot;:&quot;00A27C&quot;,&quot;generate_pdf_hover_text_color&quot;:&quot;FFFFFF&quot;,&quot;generate_pdf_hover_bg_color&quot;:&quot;1F736A&quot;,&quot;booking_text_color&quot;:&quot;FFFFFF&quot;,&quot;booking_bg_color&quot;:&quot;05BB90&quot;,&quot;booking_hover_text_color&quot;:&quot;FFFFFF&quot;,&quot;booking_hover_bg_color&quot;:&quot;07B38A&quot;,&quot;booked_text_color&quot;:&quot;AAAAAA&quot;,&quot;booked_bg_color&quot;:&quot;EEEEEE&quot;,&quot;unavailable_text_color&quot;:&quot;AAAAAA&quot;,&quot;unavailable_bg_color&quot;:&quot;EEEEEE&quot;,&quot;available_slots_color&quot;:&quot;FFD544&quot;,&quot;hide_empty&quot;:&quot;0&quot;,&quot;disable_event_url&quot;:&quot;0&quot;,&quot;text_align&quot;:&quot;center&quot;,&quot;row_height&quot;:&quot;35&quot;,&quot;id&quot;:&quot;&quot;,&quot;shortcode_id&quot;:&quot;timetable-for-wordpress-sample-3&quot;,&quot;desktop_list_view&quot;:&quot;0&quot;,&quot;responsive&quot;:&quot;1&quot;,&quot;event_description_responsive&quot;:&quot;none&quot;,&quot;collapse_event_hours_responsive&quot;:&quot;0&quot;,&quot;colors_responsive_mode&quot;:&quot;1&quot;,&quot;export_to_pdf_button&quot;:&quot;0&quot;,&quot;generate_pdf_label&quot;:&quot;Generate PDF&quot;,&quot;pdf_font&quot;:&quot;lato&quot;,&quot;direction&quot;:&quot;ltr&quot;,&quot;font_custom&quot;:&quot;&quot;,&quot;font&quot;:&quot;&quot;,&quot;font_subset&quot;:&quot;&quot;,&quot;font_size&quot;:&quot;&quot;,&quot;custom_css&quot;:&quot;&quot;,&quot;0&quot;:&quot;tt_timetable&quot;}\" \/><\/div><\/div><\/div><\/div><\/div><\/div><\/div><\/div><\/div><\/div><div class=\"mkdf-row-background-text-holder\"><div class=\"mkdf-row-background-text-wrapper  mkdf-row-background-text-vertical  mkdf-row-background-text-animation \"><div class=\"mkdf-row-background-text-wrapper-inner\" style=\"font-size:160px;color:rgba(104,104,104,0.3)\" data-font-size-1440=140px><div class=\"mkdf-row-background-text-1\" style=\"-webkit-text-stroke-color: rgba(104,104,104,0.3)\"><\/div><div class=\"mkdf-row-background-text-2\" style=\"-webkit-text-stroke-color: rgba(104,104,104,0.3)\">BOOKING<\/div><\/div><\/div><\/div><\/div><div class=\"vc_row wpb_row vc_row-fluid\" ><div class=\"wpb_column vc_column_container vc_col-sm-12\"><div class=\"vc_column-inner\"><div class=\"wpb_wrapper\"><div class=\"mkdf-elements-holder   mkdf-one-column  mkdf-responsive-mode-768 mkdf-one-column-alignment-center\" ><div class=\"mkdf-eh-item   mkdf-horizontal-alignment-center \"  data-item-class=\"mkdf-eh-custom-2749\">\n\t<div class=\"mkdf-eh-item-inner\">\n\t\t<div class=\"mkdf-eh-item-content mkdf-eh-custom-2749\" >\n\t\t\t<div class=\"vc_empty_space\"   style=\"height: 32px\"><span class=\"vc_empty_space_inner\"><\/span><\/div>\n<div class=\"mkdf-section-title-holder  \" >\n\t<div class=\"mkdf-st-inner\">\n\t\t\t\t\t<h2 class=\"mkdf-st-title\" style=\"color: #000000\">\n\t\t\t\t\t\t\t\tLocation\t\t\t<\/h2>\n\t\t\t\t\t\t\t<\/div>\n<\/div><div class=\"wpb_gmaps_widget wpb_content_element\"><h2 class=\"wpb_heading wpb_map_heading\">HTL Sportplatz am Mitterweg, Innsbruck<\/h2><div class=\"wpb_wrapper\"><div class=\"wpb_map_wraper\"><iframe src=\"https:\/\/www.google.com\/maps\/embed?pb=!1m14!1m12!1m3!1d550.0653786063867!2d11.376910832840407!3d47.25867052825456!2m3!1f0!2f0!3f0!3m2!1i1024!2i768!4f13.1!5e1!3m2!1sde!2sat!4v1718475992977!5m2!1sde!2sat\" width=\"600\" height=\"450\" style=\"border:0;\" allowfullscreen=\"\" loading=\"lazy\" referrerpolicy=\"no-referrer-when-downgrade\"><\/iframe><\/div><\/div><\/div><div class=\"vc_empty_space\"   style=\"height: 32px\"><span class=\"vc_empty_space_inner\"><\/span><\/div>\t\t<\/div>\n\t<\/div>\n<\/div><\/div><\/div><\/div><\/div><\/div><div class=\"vc_row wpb_row vc_row-fluid\" ><div class=\"wpb_column vc_column_container vc_col-sm-12\"><div class=\"vc_column-inner\"><div class=\"wpb_wrapper\"><div class=\"mkdf-elements-holder   mkdf-one-column  mkdf-responsive-mode-768 mkdf-one-column-alignment-center\" ><div class=\"mkdf-eh-item   mkdf-horizontal-alignment-center \"  data-item-class=\"mkdf-eh-custom-7839\">\n\t<div class=\"mkdf-eh-item-inner\">\n\t\t<div class=\"mkdf-eh-item-content mkdf-eh-custom-7839\" >\n\t\t\t<div class=\"vc_empty_space\"   style=\"height: 32px\"><span class=\"vc_empty_space_inner\"><\/span><\/div><div class=\"vc_empty_space\"   style=\"height: 32px\"><span class=\"vc_empty_space_inner\"><\/span><\/div>\n<div class=\"mkdf-section-title-holder  \" >\n\t<div class=\"mkdf-st-inner\">\n\t\t\t\t\t<h2 class=\"mkdf-st-title\" style=\"color: #000000\">\n\t\t\t\t\t\t\t\tBist du dabei?\t\t\t<\/h2>\n\t\t\t\t\t\t\t<p class=\"mkdf-st-text\" style=\"font-size: 18px\">\n\t\t\t\t1. W\u00e4hle das Paket oder die Einzelstunde aus und \u00fcberweise den Betrag auf das unten angef\u00fchrte Konto.<br \/>\n2. Buche deinen gew\u00fcnschten Kurs im Stundenplan bis zu einer Stunde vor Kursbeginn.<br \/>\n3. Kehre als Sieger heim, \u00fcberwinde den Muskelkater und freu dich auf den n\u00e4chsten Kurs!\t\t\t<\/p>\n\t\t\t\t\t<\/div>\n<\/div>\t\t<\/div>\n\t<\/div>\n<\/div><\/div><\/div><\/div><\/div><\/div><div class=\"vc_row wpb_row vc_row-fluid mkdf-instagram-label-bottom-row vc_custom_1599735591521 mkdf-btt-default mkdf-content-aligment-center\" style=\"background-color:#ffffff\"><div class=\"wpb_column vc_column_container vc_col-sm-12\"><div class=\"vc_column-inner\"><div class=\"wpb_wrapper\"><div class=\"mkdf-row-grid-section-wrapper \" style=\"background-color:#ffffff\"><div class=\"mkdf-row-grid-section\"><div class=\"vc_row wpb_row vc_inner vc_row-fluid\" ><div class=\"wpb_column vc_column_container vc_col-sm-12\"><div class=\"vc_column-inner vc_custom_1599486573533\"><div class=\"wpb_wrapper\"><div class=\"mkdf-elements-holder   mkdf-one-column  mkdf-responsive-mode-768 \" ><div class=\"mkdf-eh-item   mkdf-horizontal-alignment-center \"  data-item-class=\"mkdf-eh-custom-3413\" data-1025-1366=\"0 26% 42px\" data-769-1024=\"0 0% 42px\" data-681-768=\"0 8% 42px\" data-680=\"0 8% 42px\">\n\t<div class=\"mkdf-eh-item-inner\">\n\t\t<div class=\"mkdf-eh-item-content mkdf-eh-custom-3413\" style=\"padding: 0 33.5% 42px\">\n\t\t\t\n<div class=\"mkdf-section-title-holder  \" style=\"text-align: center\">\n\t<div class=\"mkdf-st-inner\">\n\t\t\t\t\t<h1 class=\"mkdf-st-title\" >\n\t\t\t\t\t\t\t\tPREISE\t\t\t<\/h1>\n\t\t\t\t\t\t\t<\/div>\n<\/div>\t\t<\/div>\n\t<\/div>\n<\/div><\/div><div class=\"mkdf-pricing-tables mkdf-grid-list mkdf-disable-bottom-space clearfix mkdf-two-columns mkdf-normal-space\"><div class=\"mkdf-pt-wrapper mkdf-outer-space\"><div class=\"mkdf-price-table mkdf-item-space  \">\n\t<div class=\"mkdf-pt-inner\" >\n        <img decoding=\"async\" class=\"mkdf-pt-image\" src=\"\" alt=\"OneTribe Summer Package\" \/>\n\t\t<ul>\n\t\t\t<li class=\"mkdf-pt-title-holder\">\n                <h6 class=\"mkdf-pt-mark\" >Paketpreis<\/h6>\n\t\t\t\t<h3 class=\"mkdf-pt-title\" >OneTribe Summer Package<\/h3>\n\t\t\t<\/li>\n\t\t\t<li class=\"mkdf-pt-prices\">\n\t\t\t\t<sup class=\"mkdf-pt-value\" >\u20ac<\/sup>\n\t\t\t\t<span class=\"mkdf-pt-price\" >110<\/span>\n\t\t\t<\/li>\n\t\t\t<li class=\"mkdf-pt-content\">\n\t\t\t\t\n<ul>\n<li>9 Kurseinheiten \u00e0 60 Min. (Juli-September)<\/li>\n<\/ul>\n\t\t\t<\/li>\n\t\t\t\t\t<\/ul>\n\t<\/div>\n<\/div><div class=\"mkdf-price-table mkdf-item-space  \">\n\t<div class=\"mkdf-pt-inner\" >\n        <img decoding=\"async\" class=\"mkdf-pt-image\" src=\"\" alt=\"Single Drop-In\" \/>\n\t\t<ul>\n\t\t\t<li class=\"mkdf-pt-title-holder\">\n                <h6 class=\"mkdf-pt-mark\" >Einmalig<\/h6>\n\t\t\t\t<h3 class=\"mkdf-pt-title\" >Single Drop-In<\/h3>\n\t\t\t<\/li>\n\t\t\t<li class=\"mkdf-pt-prices\">\n\t\t\t\t<sup class=\"mkdf-pt-value\" >\u20ac<\/sup>\n\t\t\t\t<span class=\"mkdf-pt-price\" >15<\/span>\n\t\t\t<\/li>\n\t\t\t<li class=\"mkdf-pt-content\">\n\t\t\t\t\t\t\t<\/li>\n\t\t\t\t\t<\/ul>\n\t<\/div>\n<\/div><\/div><\/div><div class=\"vc_empty_space\"   style=\"height: 32px\"><span class=\"vc_empty_space_inner\"><\/span><\/div>\n\t<div class=\"wpb_text_column wpb_content_element\" >\n\t\t<div class=\"wpb_wrapper\">\n\t\t\t<p style=\"text-align: center;\">Bezahlung bitte per \u00dcberweisung an: Sarah Urban, IBAN: AT54 1921 0806 0928 5913<\/p>\n<p style=\"text-align: center;\">Oder per <a href=\"https:\/\/www.paypal.com\/paypalme\/onetribeinnsbruck\">PayPal<\/a><\/p>\n<p style=\"text-align: center;\">Oder in Bar vor Ort<\/p>\n\n\t\t<\/div>\n\t<\/div>\n<div class=\"vc_empty_space\"   style=\"height: 32px\"><span class=\"vc_empty_space_inner\"><\/span><\/div><\/div><\/div><\/div><\/div><\/div><\/div><\/div><\/div><\/div><\/div><div class=\"vc_row wpb_row vc_row-fluid mkdf-instagram-label-bottom-row vc_custom_1599488120718 mkdf-btt-default mkdf-content-aligment-center\" style=\"background-color:#000000\"><div class=\"wpb_column vc_column_container vc_col-sm-12\"><div class=\"vc_column-inner\"><div class=\"wpb_wrapper\"><div class=\"mkdf-iwt clearfix  mkdf-iwt-icon-left mkdf-iwt-icon-small\">\n\t<div class=\"mkdf-iwt-icon\">\n\t\t\t\t\t<a itemprop=\"url\" href=\"https:\/\/www.instagram.com\/urban_onetribe\/\" target=\"_blank\">\n\t\t\t\t\t\t\t\t\t    <span class=\"mkdf-icon-shortcode mkdf-normal   mkdf-icon-small\"  data-color=\"#ffffff\">\n                    <i class=\"mkdf-icon-ion-icon ion-social-instagram mkdf-icon-element\" style=\"color: #ffffff\" ><\/i>            <\/span>\n\t\t\t\t\t\t\t\t<\/a>\n\t\t\t<\/div>\n\t<div class=\"mkdf-iwt-content\" >\n\t\t\t\t\t<h6 class=\"mkdf-iwt-title\" style=\"color: #ffffff;margin-top: 10px\">\n\t\t\t\t\t\t\t\t\t<a itemprop=\"url\" href=\"https:\/\/www.instagram.com\/urban_onetribe\/\" target=\"_blank\">\n\t\t\t\t\t\t\t\t<span class=\"mkdf-iwt-title-text\">FOLLOW ME @urban_onetribe<\/span>\n\t\t\t\t\t\t\t\t\t<\/a>\n\t\t\t\t\t\t\t<\/h6>\n\t\t\t\t\t<\/div>\n<\/div><\/div><\/div><\/div><\/div>\n<\/div>","protected":false},"excerpt":{"rendered":"Gruppenfitness Kennst du LES MILLS\u00ae? LES MILLS\u00ae vereint die hei\u00dfeste Musik mit modernster Trainingswissenschaft, Motivation und der Energie der Gruppe. Die Gruppenfitnesskurse mit Choreographie und Musik werden dich garantiert f\u00fcr Fitness begeistern! Alles begann 1968, als Les Mills Senior ein [...]","protected":false},"author":1,"featured_media":0,"parent":0,"menu_order":0,"comment_status":"closed","ping_status":"closed","template":"full-width.php","meta":{"_monsterinsights_skip_tracking":false,"_monsterinsights_sitenote_active":false,"_monsterinsights_sitenote_note":"","_monsterinsights_sitenote_category":0,"footnotes":""},"class_list":["post-4064","page","type-page","status-publish","hentry"],"aioseo_notices":[],"_links":{"self":[{"href":"https:\/\/www.onetribe.at\/en\/wp-json\/wp\/v2\/pages\/4064","targetHints":{"allow":["GET"]}}],"collection":[{"href":"https:\/\/www.onetribe.at\/en\/wp-json\/wp\/v2\/pages"}],"about":[{"href":"https:\/\/www.onetribe.at\/en\/wp-json\/wp\/v2\/types\/page"}],"author":[{"embeddable":true,"href":"https:\/\/www.onetribe.at\/en\/wp-json\/wp\/v2\/users\/1"}],"replies":[{"embeddable":true,"href":"https:\/\/www.onetribe.at\/en\/wp-json\/wp\/v2\/comments?post=4064"}],"version-history":[{"count":28,"href":"https:\/\/www.onetribe.at\/en\/wp-json\/wp\/v2\/pages\/4064\/revisions"}],"predecessor-version":[{"id":4712,"href":"https:\/\/www.onetribe.at\/en\/wp-json\/wp\/v2\/pages\/4064\/revisions\/4712"}],"wp:attachment":[{"href":"https:\/\/www.onetribe.at\/en\/wp-json\/wp\/v2\/media?parent=4064"}],"curies":[{"name":"wp","href":"https:\/\/api.w.org\/{rel}","templated":true}]}}